{"id":12,"date":"2023-01-27T13:04:31","date_gmt":"2023-01-27T13:04:31","guid":{"rendered":"https:\/\/gdcp2023.uni-hamburg.de\/?page_id=12"},"modified":"2023-08-15T12:36:23","modified_gmt":"2023-08-15T12:36:23","slug":"programm","status":"publish","type":"page","link":"https:\/\/gdcp2023.uni-hamburg.de\/?page_id=12","title":{"rendered":"Programm"},"content":{"rendered":"\n<p><\/p>\n\n\n\n<p>Sie finden die akteulle Version des Gelben Blattes, unserem detaillierten Tagungsprogramm, auf der Seite der <a rel=\"noreferrer noopener\" href=\"https:\/\/gdcp-ev.de\/\" data-type=\"link\" data-id=\"https:\/\/gdcp-ev.de\/\" target=\"_blank\">GDCP<\/a>. <\/p>\n\n\n\n<p>Zur Orientierung auf dem Campus bitte <a href=\"https:\/\/gdcp2023.uni-hamburg.de\/?page_id=354\" data-type=\"link\" data-id=\"https:\/\/gdcp2023.uni-hamburg.de\/?page_id=354\" target=\"_blank\" rel=\"noreferrer noopener\">hier<\/a> schauen.<\/p>\n\n\n\n<p><strong>Programm\u00fcbersicht<\/strong><\/p>\n\n\n\n<figure class=\"wp-block-table is-style-regular\"><table><tbody><tr><td colspan=\"2\"><strong>Sonntag, 10.09.23<\/strong><\/td><\/tr><tr><td>18:30 Uhr<\/td><td><a href=\"https:\/\/gdcp2023.uni-hamburg.de\/?page_id=29\">Vorabendtreffen T.R.U.D.E. Maurienstra\u00dfe 13-15, 22305 Hamburg Barmbeck<\/a><\/td><\/tr><tr><td colspan=\"2\"><strong>Montag, 11.09.23<\/strong><\/td><\/tr><tr><td>09:00 Uhr<\/td><td><a href=\"https:\/\/gdcp2023.uni-hamburg.de\/?page_id=26\">Workshop-Angebot<\/a><\/td><\/tr><tr><td>13:00 Uhr<\/td><td><a href=\"https:\/\/gdcp2023.uni-hamburg.de\/?page_id=365\">Tagungser\u00f6ffnung Anna-Siemsen H\u00f6rsaal<\/a><\/td><\/tr><tr><td>14:00 Uhr<\/td><td><a href=\"https:\/\/gdcp2023.uni-hamburg.de\/?page_id=286\">Keynote Anna-Siemsen-H\u00f6rsaal<\/a><\/td><\/tr><tr><td>15:00 Uhr<\/td><td>Kaffeepause<\/td><\/tr><tr><td>15:30 Uhr<\/td><td>Einzelvortr\u00e4ge und Symposien<\/td><\/tr><tr><td>17:40 Uhr<\/td><td>Nachwuchstreffen Anna-Siemsen H\u00f6rsaal<\/td><\/tr><tr><td>20:00 Uhr<\/td><td><a href=\"https:\/\/gdcp2023.uni-hamburg.de\/?page_id=32\">Er\u00f6ffnungsabend Foyer ESA 1 Hauptgeb\u00e4ude der Universit\u00e4t<\/a><\/td><\/tr><tr><td colspan=\"2\"><strong>Dienstag, 12.09.23<\/strong><\/td><\/tr><tr><td>09:00 Uhr<\/td><td><a href=\"https:\/\/gdcp2023.uni-hamburg.de\/?page_id=286\">Keynote Anna-Siemsen-H\u00f6rsaal<\/a><\/td><\/tr><tr><td>10:00 Uhr<\/td><td>Kaffeepause<\/td><\/tr><tr><td>10:30 Uhr<\/td><td>Einzelvortr\u00e4ge und Symposien<\/td><\/tr><tr><td>12:30 Uhr<\/td><td>Mittagspause<\/td><\/tr><tr><td>14:00 Uhr<\/td><td>Einzelvortr\u00e4ge, Symposien, Workshops<\/td><\/tr><tr><td>16:00 Uhr<\/td><td>Kaffeepause<\/td><\/tr><tr><td>16:30 Uhr<\/td><td>Festliche Verleihung der GDCP-Preise Anna-Siemsen H\u00f6rsaal mit anschlie\u00dfendem Umtrunk Foyer VMP 5<\/td><\/tr><tr><td>18:00 Uhr<\/td><td>Mitgliederversammlung Anna-Siemsen H\u00f6rsaal<\/td><\/tr><tr><td colspan=\"2\"><strong>Mittwoch, 13.09.23<\/strong><\/td><\/tr><tr><td>09:00 Uhr<\/td><td>Einzelvortr\u00e4ge und Symposien<\/td><\/tr><tr><td>10:30 Uhr<\/td><td>Kaffeepause<\/td><\/tr><tr><td>10:45 Uhr<\/td><td>Einzelvortr\u00e4ge und Symposien<\/td><\/tr><tr><td>12:15 Uhr<\/td><td>Mittagspause<\/td><\/tr><tr><td>13:30 Uhr<\/td><td>Jubil\u00e4umsvortrag (Elke Sumfleth &amp; Horst Schecker) Anna-Siemsen H\u00f6rsaal<\/td><\/tr><tr><td>15:00 Uhr<\/td><td>Kaffeepause<\/td><\/tr><tr><td>15:30 Uhr<\/td><td>Posterausstellung I<\/td><\/tr><tr><td>16:30 Uhr<\/td><td>Wechselpause<\/td><\/tr><tr><td>16:45 Uhr<\/td><td>Posterausstellung II<\/td><\/tr><tr><td>19:30 Uhr<\/td><td><a href=\"https:\/\/gdcp2023.uni-hamburg.de\/?page_id=35\">Gesellschaftsabend<\/a><\/td><\/tr><tr><td colspan=\"2\"><strong>Donnerstag, 14.09.23<\/strong><\/td><\/tr><tr><td>09:00 Uhr<\/td><td><a href=\"https:\/\/gdcp2023.uni-hamburg.de\/?page_id=286\">Keynote Anna-Siemsen-H\u00f6rsaal<\/a><\/td><\/tr><tr><td>10:00 Uhr<\/td><td>Wechselpause<\/td><\/tr><tr><td>10:15 Uhr<\/td><td>Einzelvortr\u00e4ge und Symposien<\/td><\/tr><tr><td>11:45 Uhr<\/td><td>Kaffeepause<\/td><\/tr><tr><td>12:15 Uhr<\/td><td>Einzelvortr\u00e4ge und Symposien<\/td><\/tr><tr><td>13:45 Uhr<\/td><td>Abschlussplenum Anna-Siemsen H\u00f6rsaal<\/td><\/tr><\/tbody><\/table><\/figure>\n","protected":false},"excerpt":{"rendered":"<p>Sie finden die akteulle Version des Gelben Blattes, unserem detaillierten Tagungsprogramm, auf der Seite der GDCP. Zur Orientierung auf dem Campus bitte hier schauen. Programm\u00fcbersicht Sonntag, 10.09.23 18:30 Uhr Vorabendtreffen T.R.U.D.E. Maurienstra\u00dfe 13-15, 22305 Hamburg Barmbeck Montag, 11.09.23 09:00 Uhr&#8230; <a class=\"more-link\" href=\"https:\/\/gdcp2023.uni-hamburg.de\/?page_id=12\">Weiterlesen &rarr;<\/a><\/p>\n","protected":false},"author":2,"featured_media":0,"parent":0,"menu_order":0,"comment_status":"closed","ping_status":"closed","template":"","meta":{"footnotes":""},"class_list":["post-12","page","type-page","status-publish","hentry"],"_links":{"self":[{"href":"https:\/\/gdcp2023.uni-hamburg.de\/index.php?rest_route=\/wp\/v2\/pages\/12","targetHints":{"allow":["GET"]}}],"collection":[{"href":"https:\/\/gdcp2023.uni-hamburg.de\/index.php?rest_route=\/wp\/v2\/pages"}],"about":[{"href":"https:\/\/gdcp2023.uni-hamburg.de\/index.php?rest_route=\/wp\/v2\/types\/page"}],"author":[{"embeddable":true,"href":"https:\/\/gdcp2023.uni-hamburg.de\/index.php?rest_route=\/wp\/v2\/users\/2"}],"replies":[{"embeddable":true,"href":"https:\/\/gdcp2023.uni-hamburg.de\/index.php?rest_route=%2Fwp%2Fv2%2Fcomments&post=12"}],"version-history":[{"count":12,"href":"https:\/\/gdcp2023.uni-hamburg.de\/index.php?rest_route=\/wp\/v2\/pages\/12\/revisions"}],"predecessor-version":[{"id":380,"href":"https:\/\/gdcp2023.uni-hamburg.de\/index.php?rest_route=\/wp\/v2\/pages\/12\/revisions\/380"}],"wp:attachment":[{"href":"https:\/\/gdcp2023.uni-hamburg.de\/index.php?rest_route=%2Fwp%2Fv2%2Fmedia&parent=12"}],"curies":[{"name":"wp","href":"https:\/\/api.w.org\/{rel}","templated":true}]}}