{"id":18,"date":"2023-01-27T13:05:13","date_gmt":"2023-01-27T13:05:13","guid":{"rendered":"https:\/\/gdcp2023.uni-hamburg.de\/?page_id=18"},"modified":"2023-01-28T08:28:00","modified_gmt":"2023-01-28T08:28:00","slug":"kontakt","status":"publish","type":"page","link":"https:\/\/gdcp2023.uni-hamburg.de\/?page_id=18","title":{"rendered":"Kontakt"},"content":{"rendered":"\n<p>Bei Fragen rund um den Tagungsort Hamburg wenden Sie sich gern an <a rel=\"noreferrer noopener\" href=\"mailto:heidi.krausser@uni-hamburg.de\" target=\"_blank\">Heidi Krau\u00dfer<\/a>.<\/p>\n\n\n\n<p>Fragen das Tagungsprogramm, die Anmeldung von Beitr\u00e4gen und die Anmeldung Ihrer Teilnahme betreffend stellen Sie bitte der Gesch\u00e4ftsf\u00fchrerin der GDCP <a rel=\"noreferrer noopener\" href=\"https:\/\/gdcp-ev.de\/ueber-die-gdcp\/#geschaeftsstelle\" target=\"_blank\">Helena van Vorst<\/a>.<\/p>\n\n\n\n<p>Haben Sie Fragen direkt an die \u00f6rtliche Tagungsleitung, dann kontaktieren Sie gern <a href=\"https:\/\/www.ew.uni-hamburg.de\/ueber-die-fakultaet\/personen\/hoettecke.html\" target=\"_blank\" rel=\"noreferrer noopener\">Dietmar H\u00f6ttecke<\/a> oder <a href=\"https:\/\/www.ew.uni-hamburg.de\/ueber-die-fakultaet\/personen\/steffensky-m.html\" target=\"_blank\" rel=\"noreferrer noopener\">Mirjam Steffensky<\/a>.<\/p>\n","protected":false},"excerpt":{"rendered":"<p>Bei Fragen rund um den Tagungsort Hamburg wenden Sie sich gern an Heidi Krau\u00dfer. Fragen das Tagungsprogramm, die Anmeldung von Beitr\u00e4gen und die Anmeldung Ihrer Teilnahme betreffend stellen Sie bitte der Gesch\u00e4ftsf\u00fchrerin der GDCP Helena van Vorst. Haben Sie Fragen&#8230; <a class=\"more-link\" href=\"https:\/\/gdcp2023.uni-hamburg.de\/?page_id=18\">Weiterlesen &rarr;<\/a><\/p>\n","protected":false},"author":2,"featured_media":0,"parent":0,"menu_order":0,"comment_status":"closed","ping_status":"closed","template":"","meta":{"footnotes":""},"class_list":["post-18","page","type-page","status-publish","hentry"],"_links":{"self":[{"href":"https:\/\/gdcp2023.uni-hamburg.de\/index.php?rest_route=\/wp\/v2\/pages\/18","targetHints":{"allow":["GET"]}}],"collection":[{"href":"https:\/\/gdcp2023.uni-hamburg.de\/index.php?rest_route=\/wp\/v2\/pages"}],"about":[{"href":"https:\/\/gdcp2023.uni-hamburg.de\/index.php?rest_route=\/wp\/v2\/types\/page"}],"author":[{"embeddable":true,"href":"https:\/\/gdcp2023.uni-hamburg.de\/index.php?rest_route=\/wp\/v2\/users\/2"}],"replies":[{"embeddable":true,"href":"https:\/\/gdcp2023.uni-hamburg.de\/index.php?rest_route=%2Fwp%2Fv2%2Fcomments&post=18"}],"version-history":[{"count":3,"href":"https:\/\/gdcp2023.uni-hamburg.de\/index.php?rest_route=\/wp\/v2\/pages\/18\/revisions"}],"predecessor-version":[{"id":119,"href":"https:\/\/gdcp2023.uni-hamburg.de\/index.php?rest_route=\/wp\/v2\/pages\/18\/revisions\/119"}],"wp:attachment":[{"href":"https:\/\/gdcp2023.uni-hamburg.de\/index.php?rest_route=%2Fwp%2Fv2%2Fmedia&parent=18"}],"curies":[{"name":"wp","href":"https:\/\/api.w.org\/{rel}","templated":true}]}}