{"id":268,"date":"2023-03-13T12:01:45","date_gmt":"2023-03-13T12:01:45","guid":{"rendered":"https:\/\/gdcp2023.uni-hamburg.de\/?page_id=268"},"modified":"2023-03-13T12:33:15","modified_gmt":"2023-03-13T12:33:15","slug":"stadtfuehrungen","status":"publish","type":"page","link":"https:\/\/gdcp2023.uni-hamburg.de\/?page_id=268","title":{"rendered":"Stadtf\u00fchrungen"},"content":{"rendered":"\n<p>Am Montagmorgen ab 9.30 Uhr bieten wir zwei Stadtf\u00fchrungen an. Die Stadtf\u00fchrung <a rel=\"noreferrer noopener\" href=\"https:\/\/www.stattreisen-hamburg.de\/stadtfuehrungen-und-hafenrundfahrten\/thematische-stadtrundgaenge\/juedisches-leben\/\" target=\"_blank\">J\u00fcdisches Leben im Grindelviertel<\/a> erz\u00e4hlt die Geschichte des Stadtteils, in dem sich der Campus Von-Melle-Park \u2013 unser Tagungsort \u2013 befindet. Die Stadtf\u00fchrung<a rel=\"noreferrer noopener\" href=\"https:\/\/www.stattreisen-hamburg.de\/stadtfuehrungen-und-hafenrundfahrten\/thematische-stadtrundgaenge\/die-hafenkante\/\" target=\"_blank\"> Die Hafenkante \u2013 Speicher, Docks, Containerschiffe<\/a> zeigt Ihnen einige Sehensw\u00fcrdigkeiten rund um den gro\u00dfen Hamburger Hafen. F\u00fcr diese F\u00fchrung ben\u00f6tigen Sie ein g\u00fcltiges HVV-Ticket (siehe auch <a href=\"https:\/\/gdcp2023.uni-hamburg.de\/?page_id=42\" target=\"_blank\" rel=\"noreferrer noopener\">Mobil in der Stadt<\/a>). <\/p>\n\n\n\n<p>Sie k\u00f6nnen sich zu einer der beiden Stadtf\u00fchrungen mit der Anmeldung als Tagungsgast anmelden. Es fallen pro Person Kosten von 15.-\u20ac an, die dann mit den Tagungsgeb\u00fchren eingezogen werden. F\u00fcr detaillierte Informationen (Treffpunkt etc.) werden die Angemeldeten nach Ablauf der Anmeldefrist angeschrieben.<\/p>\n\n\n\n<p><\/p>\n","protected":false},"excerpt":{"rendered":"<p>Am Montagmorgen ab 9.30 Uhr bieten wir zwei Stadtf\u00fchrungen an. Die Stadtf\u00fchrung J\u00fcdisches Leben im Grindelviertel erz\u00e4hlt die Geschichte des Stadtteils, in dem sich der Campus Von-Melle-Park \u2013 unser Tagungsort \u2013 befindet. Die Stadtf\u00fchrung Die Hafenkante \u2013 Speicher, Docks, Containerschiffe&#8230; <a class=\"more-link\" href=\"https:\/\/gdcp2023.uni-hamburg.de\/?page_id=268\">Weiterlesen &rarr;<\/a><\/p>\n","protected":false},"author":2,"featured_media":0,"parent":0,"menu_order":0,"comment_status":"closed","ping_status":"closed","template":"","meta":{"footnotes":""},"class_list":["post-268","page","type-page","status-publish","hentry"],"_links":{"self":[{"href":"https:\/\/gdcp2023.uni-hamburg.de\/index.php?rest_route=\/wp\/v2\/pages\/268","targetHints":{"allow":["GET"]}}],"collection":[{"href":"https:\/\/gdcp2023.uni-hamburg.de\/index.php?rest_route=\/wp\/v2\/pages"}],"about":[{"href":"https:\/\/gdcp2023.uni-hamburg.de\/index.php?rest_route=\/wp\/v2\/types\/page"}],"author":[{"embeddable":true,"href":"https:\/\/gdcp2023.uni-hamburg.de\/index.php?rest_route=\/wp\/v2\/users\/2"}],"replies":[{"embeddable":true,"href":"https:\/\/gdcp2023.uni-hamburg.de\/index.php?rest_route=%2Fwp%2Fv2%2Fcomments&post=268"}],"version-history":[{"count":6,"href":"https:\/\/gdcp2023.uni-hamburg.de\/index.php?rest_route=\/wp\/v2\/pages\/268\/revisions"}],"predecessor-version":[{"id":279,"href":"https:\/\/gdcp2023.uni-hamburg.de\/index.php?rest_route=\/wp\/v2\/pages\/268\/revisions\/279"}],"wp:attachment":[{"href":"https:\/\/gdcp2023.uni-hamburg.de\/index.php?rest_route=%2Fwp%2Fv2%2Fmedia&parent=268"}],"curies":[{"name":"wp","href":"https:\/\/api.w.org\/{rel}","templated":true}]}}