{"id":365,"date":"2023-08-15T12:13:14","date_gmt":"2023-08-15T12:13:14","guid":{"rendered":"https:\/\/gdcp2023.uni-hamburg.de\/?page_id=365"},"modified":"2023-08-30T13:33:07","modified_gmt":"2023-08-30T13:33:07","slug":"eroeffnung","status":"publish","type":"page","link":"https:\/\/gdcp2023.uni-hamburg.de\/?page_id=365","title":{"rendered":"Er\u00f6ffnung"},"content":{"rendered":"\n<p><strong>Programm f\u00fcr die Tagungser\u00f6ffnung am Montag, 11. September 2023 13:00-14:00 Uhr im Anna-Siemsen H\u00f6rsaal:<\/strong><\/p>\n\n\n\n<ol class=\"wp-block-list\">\n<li>Er\u00f6ffnung der Tagung durch den Vorstandssprecher der GDCP Herr Prof. Dr. Rumann<\/li>\n\n\n\n<li>Musikalische Begleitung durch Anna Olivia Amaya Farias und Fabian Sturm: <br><em>Danzas latinoamericanas 1&amp;2, Jos\u00e9 Elizondo (*1972)<\/em><\/li>\n\n\n\n<li>Begr\u00fc\u00dfung durch Herrn Senator Ties Rabe, Senator f\u00fcr Schule und Berufsbildung der Freien und Hansestadt Hamburg<\/li>\n\n\n\n<li>Musikalische Begleitung durch Anna Olivia Amaya Farias und Fabian Sturm: <br><em>Der Schwan, Camille Saint-Seans (1835-1921)<\/em><\/li>\n\n\n\n<li>Begr\u00fc\u00dfung durch die Vizepr\u00e4sidentin f\u00fcr Studium und Lehre Frau Prof. Dr. Susanne Rupp<\/li>\n\n\n\n<li>Musikalische Begleitung durch Anna Olivia Amaya Farias und Fabian Sturm: <br><em><em>Duo in G-Dur (1. und 3. Satz), Jean-Baptiste Barri\u00e8re (1704-1747)<\/em><\/em><\/li>\n\n\n\n<li>Begr\u00fc\u00dfung durch die Dekanin der Fakult\u00e4t Erziehungswissenschaft Frau Prof. Dr. Eva Arnold<\/li>\n\n\n\n<li>Abschlussworte des Vorstandssprechers der GDCP<\/li>\n<\/ol>\n","protected":false},"excerpt":{"rendered":"<p>Programm f\u00fcr die Tagungser\u00f6ffnung am Montag, 11. September 2023 13:00-14:00 Uhr im Anna-Siemsen H\u00f6rsaal:<\/p>\n","protected":false},"author":2,"featured_media":0,"parent":0,"menu_order":0,"comment_status":"closed","ping_status":"closed","template":"","meta":{"footnotes":""},"class_list":["post-365","page","type-page","status-publish","hentry"],"_links":{"self":[{"href":"https:\/\/gdcp2023.uni-hamburg.de\/index.php?rest_route=\/wp\/v2\/pages\/365","targetHints":{"allow":["GET"]}}],"collection":[{"href":"https:\/\/gdcp2023.uni-hamburg.de\/index.php?rest_route=\/wp\/v2\/pages"}],"about":[{"href":"https:\/\/gdcp2023.uni-hamburg.de\/index.php?rest_route=\/wp\/v2\/types\/page"}],"author":[{"embeddable":true,"href":"https:\/\/gdcp2023.uni-hamburg.de\/index.php?rest_route=\/wp\/v2\/users\/2"}],"replies":[{"embeddable":true,"href":"https:\/\/gdcp2023.uni-hamburg.de\/index.php?rest_route=%2Fwp%2Fv2%2Fcomments&post=365"}],"version-history":[{"count":6,"href":"https:\/\/gdcp2023.uni-hamburg.de\/index.php?rest_route=\/wp\/v2\/pages\/365\/revisions"}],"predecessor-version":[{"id":418,"href":"https:\/\/gdcp2023.uni-hamburg.de\/index.php?rest_route=\/wp\/v2\/pages\/365\/revisions\/418"}],"wp:attachment":[{"href":"https:\/\/gdcp2023.uni-hamburg.de\/index.php?rest_route=%2Fwp%2Fv2%2Fmedia&parent=365"}],"curies":[{"name":"wp","href":"https:\/\/api.w.org\/{rel}","templated":true}]}}