{"id":49,"date":"2023-01-27T13:28:27","date_gmt":"2023-01-27T13:28:27","guid":{"rendered":"https:\/\/gdcp2023.uni-hamburg.de\/?page_id=49"},"modified":"2023-01-27T13:28:27","modified_gmt":"2023-01-27T13:28:27","slug":"kinderbetreuung","status":"publish","type":"page","link":"https:\/\/gdcp2023.uni-hamburg.de\/?page_id=49","title":{"rendered":"Kinderbetreuung"},"content":{"rendered":"\n<p>Sie m\u00f6chten ein Kind mit zur Tagung bringen, f\u00fcr das Sie eine Betreuung ben\u00f6tigen, wenn Sie selbst an Tagungsveranstaltungen teilnehmen? Wenn dies der Fall ist, organisieren wir f\u00fcr Ihr Kind eine Betreuung auf dem Campus. Bitte geben Sie Ihren Betreuungsbedarf (Alter des Kindes, Absch\u00e4tzung Betreuungszeit, Besonderheiten) bei der Anmeldung als Tagungsgast mit an.<\/p>\n\n\n\n<p>Je nach Nachfrage organisieren wir eine Betreuung in einem sogenannten Eltern-Kind-Zimmer oder richten einen ganzen Seminarraum zur Kinderbetreuung ein. Zwischen Tagungsort und Kinderbetreuungsort liegen maximal zehn Minuten Fu\u00dfweg.<\/p>\n","protected":false},"excerpt":{"rendered":"<p>Sie m\u00f6chten ein Kind mit zur Tagung bringen, f\u00fcr das Sie eine Betreuung ben\u00f6tigen, wenn Sie selbst an Tagungsveranstaltungen teilnehmen? Wenn dies der Fall ist, organisieren wir f\u00fcr Ihr Kind eine Betreuung auf dem Campus. Bitte geben Sie Ihren Betreuungsbedarf&#8230; <a class=\"more-link\" href=\"https:\/\/gdcp2023.uni-hamburg.de\/?page_id=49\">Weiterlesen &rarr;<\/a><\/p>\n","protected":false},"author":2,"featured_media":0,"parent":0,"menu_order":0,"comment_status":"closed","ping_status":"closed","template":"","meta":{"footnotes":""},"class_list":["post-49","page","type-page","status-publish","hentry"],"_links":{"self":[{"href":"https:\/\/gdcp2023.uni-hamburg.de\/index.php?rest_route=\/wp\/v2\/pages\/49","targetHints":{"allow":["GET"]}}],"collection":[{"href":"https:\/\/gdcp2023.uni-hamburg.de\/index.php?rest_route=\/wp\/v2\/pages"}],"about":[{"href":"https:\/\/gdcp2023.uni-hamburg.de\/index.php?rest_route=\/wp\/v2\/types\/page"}],"author":[{"embeddable":true,"href":"https:\/\/gdcp2023.uni-hamburg.de\/index.php?rest_route=\/wp\/v2\/users\/2"}],"replies":[{"embeddable":true,"href":"https:\/\/gdcp2023.uni-hamburg.de\/index.php?rest_route=%2Fwp%2Fv2%2Fcomments&post=49"}],"version-history":[{"count":1,"href":"https:\/\/gdcp2023.uni-hamburg.de\/index.php?rest_route=\/wp\/v2\/pages\/49\/revisions"}],"predecessor-version":[{"id":51,"href":"https:\/\/gdcp2023.uni-hamburg.de\/index.php?rest_route=\/wp\/v2\/pages\/49\/revisions\/51"}],"wp:attachment":[{"href":"https:\/\/gdcp2023.uni-hamburg.de\/index.php?rest_route=%2Fwp%2Fv2%2Fmedia&parent=49"}],"curies":[{"name":"wp","href":"https:\/\/api.w.org\/{rel}","templated":true}]}}