{"id":62,"date":"2023-01-27T13:41:52","date_gmt":"2023-01-27T13:41:52","guid":{"rendered":"https:\/\/gdcp2023.uni-hamburg.de\/?page_id=62"},"modified":"2023-02-02T12:50:03","modified_gmt":"2023-02-02T12:50:03","slug":"datenschutz","status":"publish","type":"page","link":"https:\/\/gdcp2023.uni-hamburg.de\/?page_id=62","title":{"rendered":"Datenschutzerkl\u00e4rung"},"content":{"rendered":"\n<h2 class=\"wp-block-heading\" id=\"toc_12177\">Kontaktdaten der verantwortlichen Stelle<\/h2>\n\n\n\n<p>Verantwortlich im Sinne der Datenschutzgrundverordnung (DSGVO) und anderer nationaler Datenschutzgesetze der EU-Mitgliedstaaten sowie sonstiger datenschutzrechtlicher Bestimmungen f\u00fcr das Onlineangebot \u201eBlog\u201c ist die:<\/p>\n\n\n\n<p>Universit\u00e4t Hamburg<br>Mittelweg 177<br>20148 Hamburg<br>Deutschland<br>Tel.: +49 40 42838-0<br>Fax: +49 40 42838-9586<\/p>\n\n\n\n<h2 class=\"wp-block-heading\" id=\"toc_99796\">Kontaktdaten des Datenschutzbeauftragten der Universit\u00e4t Hamburg<\/h2>\n\n\n\n<p>Mittelweg 177<br>20148 Hamburg<br>E-Mail:&nbsp;<a href=\"mailto:datenschutz@uni-hamburg.de\">datenschutz@uni-hamburg.de<\/a><\/p>\n\n\n\n<h2 class=\"wp-block-heading\" id=\"toc_45256\">Zielsetzung und grunds\u00e4tzliche Angaben zur Datenverarbeitung<\/h2>\n\n\n\n<p>Diese Datenschutzerkl\u00e4rung kl\u00e4rt \u00fcber die Art, den Umfang und Zweck der Verarbeitung von personenbezogenen Daten innerhalb unseres Onlineangebotes und der mit ihm verbundenen Webseiten, Funktionen und Inhalte auf. Die Datenschutzerkl\u00e4rung gilt unabh\u00e4ngig von den verwendeten Domains, Systemen, Plattformen und Ger\u00e4ten (z.B. Desktop oder Mobile) auf denen das Onlineangebot ausgef\u00fchrt wird.<\/p>\n\n\n\n<p>Wir verarbeiten personenbezogene Daten unserer Nutzer nur unter Einhaltung der einschl\u00e4gigen Datenschutzbestimmungen entsprechend den Geboten der Datensparsamkeit- und Datenvermeidung. Daraus folgt, dass die Verarbeitung personenbezogener Daten unserer Nutzer regelm\u00e4\u00dfig nur nach Einwilligung des Nutzers erfolgt. Eine Ausnahme gilt in solchen F\u00e4llen, in denen die Verarbeitung der Daten durch gesetzliche Vorschriften gestattet ist.<\/p>\n\n\n\n<p>Wir treffen organisatorische, vertragliche und technische Sicherheitsma\u00dfnahmen entsprechend dem Stand der Technik, um sicher zu stellen, dass die Vorschriften der Datenschutzgesetze eingehalten werden und um damit die durch uns verarbeiteten Daten gegen zuf\u00e4llige oder vors\u00e4tzliche Manipulationen, Verlust, Zerst\u00f6rung oder gegen den Zugriff unberechtigter Personen zu sch\u00fctzen.<\/p>\n\n\n\n<h2 class=\"wp-block-heading\" id=\"toc_95771\">Begriffsbestimmungen<\/h2>\n\n\n\n<p>Im Sinne dieser Datenschutzerkl\u00e4rung bezeichnet der Ausdruck:<\/p>\n\n\n\n<ol class=\"wp-block-list\">\n<li>\u201eNutzer\u201c alle Kunden und Besucher unserer Internetseite, wobei der Begriff geschlechtsneutral zu verstehen ist;<\/li>\n\n\n\n<li>\u201eWebseite oder Onlineangebot\u201c \u00fcbergreifend die auf unserer Internetseite enthaltenen und mit der Internetseite verbundenen Inhalte und Funktionen;<\/li>\n\n\n\n<li>\u201eDrittanbieter\u201c andere Anbieter, die sich von uns unterscheiden, deren Inhalte, Werkzeuge oder sonstige Mittel wir im Rahmen unseres Onlineangebots einsetzen und deren genannter Sitz gegebenenfalls im Ausland ist. Beispielsweise sind hier Videoplattformen wie YouTube zu nennen.<\/li>\n<\/ol>\n\n\n\n<h2 class=\"wp-block-heading\" id=\"toc_95411\">Datenverarbeitung<\/h2>\n\n\n\n<h3 class=\"wp-block-heading\" id=\"toc_30095\">1. Bereitstellung des Blogs und Erstellen von Logfiles<\/h3>\n\n\n\n<p>Bei jedem Aufruf und jeder Nutzung dieses Blogs werden Daten und Informationen erfasst. Diese Daten und Informationen werden in Logfiles der Server gespeichert.<\/p>\n\n\n\n<p>Erfasst werden:<\/p>\n\n\n\n<ul class=\"wp-block-list\">\n<li>IP-Adresse<\/li>\n\n\n\n<li>Informationen \u00fcber den Browsertyp und die verwendete Version<\/li>\n\n\n\n<li>Datum und Uhrzeit des Zugriffs<\/li>\n\n\n\n<li>Internet-Service-Provider des Nutzers<\/li>\n\n\n\n<li>Betriebssystem des Nutzers<\/li>\n\n\n\n<li>Webseiten, von denen das System des Nutzers auf unsere Internetseite gelangt<\/li>\n\n\n\n<li>Webseiten, die vom System des Nutzers \u00fcber unsere Webseite aufgerufen werden<\/li>\n<\/ul>\n\n\n\n<p>Rechtsgrundlage f\u00fcr die vor\u00fcbergehende Speicherung der Daten und der Logfiles ist Art. 6 Abs. 1 e DSGVO, i.V.m. \u00a7 4 HmDSG i.V.m. \u00a7 3 und 4 HmbHG.<\/p>\n\n\n\n<p>Die vor\u00fcbergehende Speicherung der IP-Adresse durch das System ist erforderlich, um eine Auslieferung der Webseite an den Rechner des Nutzers zu erm\u00f6glichen. Hierf\u00fcr muss die IP-Adresse des Nutzers f\u00fcr die Dauer der Sitzung gespeichert bleiben.<\/p>\n\n\n\n<p>Die Speicherung in Logfiles erfolgt zur Sicherstellung der Funktionsf\u00e4higkeit der Webseite, zur Optimierung der Inhalte der Webseite sowie zur Sicherstellung der Sicherheit unserer informationstechnischen Systeme.<\/p>\n\n\n\n<p>Die Daten werden gel\u00f6scht, sobald sie f\u00fcr die Erreichung des Zweckes ihrer Erhebung nicht mehr erforderlich sind. Im Falle der Erfassung der Daten zur Bereitstellung der Webseite ist dies der Fall, wenn die jeweilige Sitzung beendet ist.<\/p>\n\n\n\n<p>Im Fall der Speicherung der Daten in Logfiles ist dies nach sp\u00e4testens&nbsp;28 Tagen der Fall. Bei einer dar\u00fcberhinausgehenden Speicherung werden die IP-Adressen der Nutzer gel\u00f6scht oder verfremdet, so dass eine Zuordnung des aufrufenden Clients nicht mehr m\u00f6glich ist.<\/p>\n\n\n\n<p>Die personenbezogenen Daten werden zudem bei Vorliegen einer Rechtsgrundlage f\u00fcr die folgenden Zwecke verarbeitet:<\/p>\n\n\n\n<ul class=\"wp-block-list\">\n<li>die Zurverf\u00fcgungstellung, Ausf\u00fchrung, Pflege, Optimierung und Sicherung unserer Dienste-, Service- und Nutzerleistungen;<\/li>\n\n\n\n<li>die Gew\u00e4hrleistung eines effektiven Kundendienstes und technischen Supports.<\/li>\n<\/ul>\n\n\n\n<h3 class=\"wp-block-heading\" id=\"toc_47959\">2. Verwendung von Cookies<\/h3>\n\n\n\n<p>Unsere Webseite verwendet Cookies. Bei Cookies handelt es sich um Textdateien, die im Internetbrowser bzw. vom Internetbrowser auf dem Computer des Nutzers gespeichert werden. Ruft ein Nutzer eine Webseite auf, so kann ein Cookie auf dem Betriebssystem des Nutzers gespeichert werden. Dieses Cookie enth\u00e4lt eine charakteristische Zeichenfolge, die eine eindeutige Identifizierung des Browsers beim erneuten Aufrufen der Webseite erm\u00f6glicht. Die meisten der von uns verwendeten Cookies sind so genannte \u201cSession-Cookies\u201d. Sie werden nach Ende Ihres Besuchs automatisch gel\u00f6scht. Andere Cookies bleiben auf Ihrem Endger\u00e4t gespeichert bis Sie diese l\u00f6schen. Diese Cookies erm\u00f6glichen es uns, Ihren Browser beim n\u00e4chsten Besuch wiederzuerkennen.<\/p>\n\n\n\n<p>Sie k\u00f6nnen Ihren Browser so einstellen, dass Sie \u00fcber das Setzen von Cookies informiert werden und Cookies nur im Einzelfall erlauben, die Annahme von Cookies f\u00fcr bestimmte F\u00e4lle oder generell ausschlie\u00dfen sowie das automatische L\u00f6schen der Cookies beim Schlie\u00dfen des Browsers aktivieren. Bei der Deaktivierung von Cookies kann die Funktionalit\u00e4t dieser Webseite eingeschr\u00e4nkt sein.<\/p>\n\n\n\n<p>Die Rechtsgrundlage f\u00fcr die Verarbeitung personenbezogener Daten unter Verwendung von Cookies ist Art. 6 Abs. 1 lit. f DSGVO.<\/p>\n\n\n\n<p>Der Zweck der Verwendung technisch notwendiger Cookies ist, die Nutzung von Webseiten f\u00fcr die Nutzer zu vereinfachen.<\/p>\n\n\n\n<h3 class=\"wp-block-heading\" id=\"toc_63662\">3. SSL- bzw. TLS-Verschl\u00fcsselung<\/h3>\n\n\n\n<p>Diese Seite nutzt aus Sicherheitsgr\u00fcnden und zum Schutz der \u00dcbertragung vertraulicher Inhalte, wie zum Beispiel Bestellungen oder Anfragen, die Sie an uns als Seitenbetreiber senden, eine SSL-bzw. TLS-Verschl\u00fcsselung.<\/p>\n\n\n\n<p>Eine verschl\u00fcsselte Verbindung erkennen Sie daran, dass die Adresszeile des Browsers von \u201chttp:\/\/\u201d auf \u201chttps:\/\/\u201d wechselt und an dem Schloss-Symbol in Ihrer Browserzeile. Wenn die SSL- bzw. TLS-Verschl\u00fcsselung aktiviert ist, k\u00f6nnen die Daten, die Sie an uns \u00fcbermitteln, nicht von Dritten mitgelesen werden.<\/p>\n\n\n\n<h3 class=\"wp-block-heading\" id=\"toc_24943\">4. E-Mail-Kontakt<\/h3>\n\n\n\n<p>Eine Kontaktaufnahme ist \u00fcber bereitgestellte E-Mail-Adressen m\u00f6glich. In diesem Fall werden die mit der E-Mail \u00fcbermittelten personenbezogenen Daten der Nutzer im Eingangspostfach gespeichert. Eine Weitergabe der Daten an Dritte findet nicht statt.<\/p>\n\n\n\n<p>Rechtsgrundlage f\u00fcr die Verarbeitung der Daten, die im Zuge einer \u00dcbersendung einer E-Mail \u00fcbermittelt werden, ist Art. 6 Abs. 1 lit. f DSGVO.<\/p>\n\n\n\n<p>Die Daten werden ausschlie\u00dflich f\u00fcr die Verarbeitung der Anfrage verwendet. Die Daten werden gel\u00f6scht, sobald sie f\u00fcr die Erreichung des Zweckes ihrer Erhebung nicht mehr erforderlich sind. F\u00fcr die personenbezogenen Daten, die per E-Mail \u00fcbersandt wurden, ist dies dann der Fall, wenn die jeweilige Anfrage des Nutzers beendet ist.<\/p>\n\n\n\n<h2 class=\"wp-block-heading\" id=\"toc_56105\">Rechte der betroffenen Person<\/h2>\n\n\n\n<p>Sie haben folgende Rechte:<\/p>\n\n\n\n<ul class=\"wp-block-list\">\n<li>Recht auf Auskunft \u00fcber die bei uns zu ihrer Person gespeicherten Daten (Art. 15 DSGVO);<\/li>\n\n\n\n<li>Recht auf Berichtigung unrichtiger oder unvollst\u00e4ndiger personenbezogener Daten (Art. 16 DSGVO);<\/li>\n\n\n\n<li>Recht auf L\u00f6schung gespeicherter personenbezogener Daten, soweit nicht die Verarbeitung zur Aus\u00fcbung des Rechts auf freie Meinungs\u00e4u\u00dferung und Information, zur Erf\u00fcllung einer rechtlichen Verpflichtung, aus Gr\u00fcnden des \u00f6ffentlichen Interesses oder zur Geltendmachung, Aus\u00fcbung oder Verteidigung von Rechtsanspr\u00fcchen erforderlich ist (Art. 17 DSGVO);<\/li>\n\n\n\n<li>Recht auf Einschr\u00e4nkung der Verarbeitung personenbezogener Daten (Art. 18 DSGVO);<\/li>\n\n\n\n<li>Recht auf Widerspruch gegen eine Verarbeitung, die unserem berechtigten Interesse, einem \u00f6ffentlichen Interesse oder einem Profiling dient, es sei denn, wir k\u00f6nnen zwingende schutzw\u00fcrdige Gr\u00fcnde f\u00fcr die Verarbeitung nachweisen, die Ihre Interessen, Rechte und Freiheiten \u00fcberwiegen, oder die Verarbeitung dient der Geltendmachung, Aus\u00fcbung oder Verteidigung von Rechtsanspr\u00fcchen (Art. 21 DSGVO);<\/li>\n\n\n\n<li>erteilte Einwilligungen zur Erhebung, Verarbeitung und Nutzung Ihrer personenbezogenen Daten jederzeit mit Wirkung f\u00fcr die Zukunft zu widerrufen (Art. 7 Abs. 3 DSGVO). Dies hat zur Folge, dass wir die Datenverarbeitung, die auf dieser Einwilligung beruhte, f\u00fcr die Zukunft nicht mehr fortf\u00fchren d\u00fcrfen.<\/li>\n\n\n\n<li>Recht auf Beschwerde bei einer Aufsichtsbeh\u00f6rde, wenn Sie der Ansicht sind, dass die Verarbeitung der Sie betreffenden personenbezogenen Daten gegen die DSGVO verst\u00f6\u00dft (Art. 77 DSGVO).<\/li>\n<\/ul>\n\n\n\n<h2 class=\"wp-block-heading\" id=\"toc_28070\">Widerruf der Einwilligung\/Widerspruch gegen die Verarbeitung<\/h2>\n\n\n\n<p>Ihren Widerruf richten Sie bitte an:<\/p>\n\n\n\n<p>Prof. Dr. Dietmar H\u00f6ttecke | Von-Melle-Park 3 | Fakult\u00e4t Erziehungswissenschaft | 20146 Hamburg | E-Mail: dietmar.hoettecke (at) uni-hamburg.de<\/p>\n\n\n\n<h2 class=\"wp-block-heading\" id=\"toc_12089\">Betroffenenrechte<\/h2>\n\n\n\n<p>Sie k\u00f6nnen Ihre Betroffenenrechte wie z.B. Auskunft zu gespeicherten Daten gegen\u00fcber <a href=\"mailto:datenschutz@uni-hamburg.de\">datenschutz@uni-hamburg.de<\/a> geltend machen.<\/p>\n\n\n\n<p>(Stand: 16.07.2021)<\/p>\n","protected":false},"excerpt":{"rendered":"<p>Kontaktdaten der verantwortlichen Stelle Verantwortlich im Sinne der Datenschutzgrundverordnung (DSGVO) und anderer nationaler Datenschutzgesetze der EU-Mitgliedstaaten sowie sonstiger datenschutzrechtlicher Bestimmungen f\u00fcr das Onlineangebot \u201eBlog\u201c ist die: Universit\u00e4t HamburgMittelweg 17720148 HamburgDeutschlandTel.: +49 40 42838-0Fax: +49 40 42838-9586 Kontaktdaten des Datenschutzbeauftragten der&#8230; <a class=\"more-link\" href=\"https:\/\/gdcp2023.uni-hamburg.de\/?page_id=62\">Weiterlesen &rarr;<\/a><\/p>\n","protected":false},"author":2,"featured_media":0,"parent":0,"menu_order":0,"comment_status":"closed","ping_status":"closed","template":"","meta":{"footnotes":""},"class_list":["post-62","page","type-page","status-publish","hentry"],"_links":{"self":[{"href":"https:\/\/gdcp2023.uni-hamburg.de\/index.php?rest_route=\/wp\/v2\/pages\/62","targetHints":{"allow":["GET"]}}],"collection":[{"href":"https:\/\/gdcp2023.uni-hamburg.de\/index.php?rest_route=\/wp\/v2\/pages"}],"about":[{"href":"https:\/\/gdcp2023.uni-hamburg.de\/index.php?rest_route=\/wp\/v2\/types\/page"}],"author":[{"embeddable":true,"href":"https:\/\/gdcp2023.uni-hamburg.de\/index.php?rest_route=\/wp\/v2\/users\/2"}],"replies":[{"embeddable":true,"href":"https:\/\/gdcp2023.uni-hamburg.de\/index.php?rest_route=%2Fwp%2Fv2%2Fcomments&post=62"}],"version-history":[{"count":5,"href":"https:\/\/gdcp2023.uni-hamburg.de\/index.php?rest_route=\/wp\/v2\/pages\/62\/revisions"}],"predecessor-version":[{"id":133,"href":"https:\/\/gdcp2023.uni-hamburg.de\/index.php?rest_route=\/wp\/v2\/pages\/62\/revisions\/133"}],"wp:attachment":[{"href":"https:\/\/gdcp2023.uni-hamburg.de\/index.php?rest_route=%2Fwp%2Fv2%2Fmedia&parent=62"}],"curies":[{"name":"wp","href":"https:\/\/api.w.org\/{rel}","templated":true}]}}