{"id":65,"date":"2023-01-27T13:42:04","date_gmt":"2023-01-27T13:42:04","guid":{"rendered":"https:\/\/gdcp2023.uni-hamburg.de\/?page_id=65"},"modified":"2023-02-02T12:50:51","modified_gmt":"2023-02-02T12:50:51","slug":"barrierefreiheit","status":"publish","type":"page","link":"https:\/\/gdcp2023.uni-hamburg.de\/?page_id=65","title":{"rendered":"Erkl\u00e4rung zur Barrierefreiheit"},"content":{"rendered":"\n<p>Diese Erkl\u00e4rung zur Barrierefreiheit gilt f\u00fcr die unter https:\/\/gdcp2023.uni-hamburg.de\/ ver\u00f6ffentlichte Website der Universit\u00e4t Hamburg.<\/p>\n\n\n\n<p>Im&nbsp;Sinne der Richtlinie (EU) 2016\/2102&nbsp;sind wir bem\u00fcht, unsere Websites und mobilen Anwendungen im Einklang mit den Bestimmungen des Hamburgischen Behindertengleichstellungsgesetzes (nachfolgend bezeichnet als HmbBGG) sowie der Hamburgischen Barrierefreien Informationstechnik-Verordnung (nachfolgend bezeichnet als HmbBITVO) zur Umsetzung der Richtlinie (EU) 2016\/2102 barrierefrei zug\u00e4nglich zu machen.<\/p>\n\n\n\n<p><strong>Stand der Vereinbarkeit mit den Anforderungen<\/strong><\/p>\n\n\n\n<p><a>Die allgemeine technische \u00dcberpr\u00fcfung der Barrierefreiheit nach BITV 2.0 f\u00fcr das Basis-Blog UHH Blog Theme 2 (<\/a><a href=\"https:\/\/uk002.blogs.uni-hamburg.de\/\">https:\/\/uk002.blogs.uni-hamburg.de<\/a>) wurde von dem unabh\u00e4ngigen Anbieter BITV CONSULT gepr\u00fcft. Das Pr\u00fcfergebnis vom 15.04.2020 bescheinigt eine gute Zug\u00e4nglichkeit (94,23%).<\/p>\n\n\n\n<p>Folgende Erfolgskriterien werden nach der Norm BITV 2.0 aktuell nicht erf\u00fcllt:<\/p>\n\n\n\n<ul class=\"wp-block-list\">\n<li>Alternativtexte f\u00fcr Bedienelemente (1.1.1a )<\/li>\n\n\n\n<li>Aktuelle Position des Fokus deutlich (2.4.7a)<\/li>\n\n\n\n<li>Korrekte Syntax (4.1.1a)<\/li>\n<\/ul>\n\n\n\n<p>Die Pr\u00fcfung der weiteren Inhalte und Funktionen des Weblogs https:\/\/gdcp2023.uni-hamburg.de\/, das auf Basis des UHH Blog Theme 2 erstellt wurde, erfolgte zus\u00e4tzlich durch das Medienzentrum der Fakult\u00e4t Erziehungswissenschaft. Gepr\u00fcft wurden Texte auf den Weblog-Seiten, Dateien wie z.B. PDFs, Video-Dateien, Plugins.<\/p>\n\n\n\n<p><strong>Datum der Erstellung bzw. der letzten Aktualisierung der Erkl\u00e4rung zur Barrierefreiheit<\/strong><\/p>\n\n\n\n<p>Diese Erkl\u00e4rung wurde am&nbsp;<em>27.01.2023<\/em>&nbsp;erstellt und zuletzt am&nbsp;<em>27.01.2023<\/em>&nbsp;\u00fcberpr\u00fcft.<\/p>\n\n\n\n<p><strong>Barrieren melden: Kontakt zu den Feedback Ansprechpartnern<\/strong><\/p>\n\n\n\n<p>Wir bem\u00fchen uns sehr, Barrieren zu erkennen und abzubauen. Sind Ihnen dennoch schwere M\u00e4ngel beim barrierefreien Zugang zu Inhalten unserer https:\/\/gdcp2023.uni-hamburg.de\/ Website aufgefallen?<\/p>\n\n\n\n<p>Dann k\u00f6nnen Sie uns gerne per Post oder E-Mail kontaktieren:<\/p>\n\n\n\n<p>Prof. Dr. Dietmar H\u00f6ttecke  |  Von-Melle-Park 8, Fakult\u00e4t Erziehungswissenschaft  |  20146 Hamburg  |  E-Mail: dietmar.hoettecke (at) uni-hamburg.de<\/p>\n\n\n\n<h3 class=\"wp-block-heading\" id=\"toc_5120\">Schlichtungsverfahren<\/h3>\n\n\n\n<p>Wenn auch nach Ihrem Feedback an den oben genannten Kontakt keine zufriedenstellende L\u00f6sung gefunden wurde, k\u00f6nnen Sie sich an die Schlichtungsstelle nach Paragraph 13 a HmbBGG wenden. Die Schlichtungsstelle hat die Aufgabe, bei Konflikten zum Thema Barrierefreiheit zwischen Menschen mit Behinderungen und \u00f6ffentlichen Stellen eine au\u00dfergerichtliche Streitbeilegung zu unterst\u00fctzen. Das Schlichtungsverfahren ist kostenlos. Es muss kein Rechtsbeistand eingeschaltet werden.<\/p>\n\n\n\n<p>Zurzeit \u00fcbernimmt die Ombudsstelle der Senatskanzlei die T\u00e4tigkeiten der noch einzurichtenden Schlichtungsstelle.<\/p>\n\n\n\n<p><strong>Kontaktm\u00f6glichkeiten<\/strong><\/p>\n\n\n\n<p>E-Mail:&nbsp;<a href=\"mailto:ombudsstelle.barrierefreie-it@sk.hamburg.de\">ombudsstelle.barrierefreie-it@sk.hamburg.de<\/a><br>Telefonische Sprechzeiten<br>Telefon: +49 40 42823-2057<br>Montag: 10.00 \u2013 11.00 Uhr<\/p>\n","protected":false},"excerpt":{"rendered":"<p>Diese Erkl\u00e4rung zur Barrierefreiheit gilt f\u00fcr die unter https:\/\/gdcp2023.uni-hamburg.de\/ ver\u00f6ffentlichte Website der Universit\u00e4t Hamburg. Im&nbsp;Sinne der Richtlinie (EU) 2016\/2102&nbsp;sind wir bem\u00fcht, unsere Websites und mobilen Anwendungen im Einklang mit den Bestimmungen des Hamburgischen Behindertengleichstellungsgesetzes (nachfolgend bezeichnet als HmbBGG) sowie der&#8230; <a class=\"more-link\" href=\"https:\/\/gdcp2023.uni-hamburg.de\/?page_id=65\">Weiterlesen &rarr;<\/a><\/p>\n","protected":false},"author":2,"featured_media":0,"parent":0,"menu_order":0,"comment_status":"closed","ping_status":"closed","template":"","meta":{"footnotes":""},"class_list":["post-65","page","type-page","status-publish","hentry"],"_links":{"self":[{"href":"https:\/\/gdcp2023.uni-hamburg.de\/index.php?rest_route=\/wp\/v2\/pages\/65","targetHints":{"allow":["GET"]}}],"collection":[{"href":"https:\/\/gdcp2023.uni-hamburg.de\/index.php?rest_route=\/wp\/v2\/pages"}],"about":[{"href":"https:\/\/gdcp2023.uni-hamburg.de\/index.php?rest_route=\/wp\/v2\/types\/page"}],"author":[{"embeddable":true,"href":"https:\/\/gdcp2023.uni-hamburg.de\/index.php?rest_route=\/wp\/v2\/users\/2"}],"replies":[{"embeddable":true,"href":"https:\/\/gdcp2023.uni-hamburg.de\/index.php?rest_route=%2Fwp%2Fv2%2Fcomments&post=65"}],"version-history":[{"count":7,"href":"https:\/\/gdcp2023.uni-hamburg.de\/index.php?rest_route=\/wp\/v2\/pages\/65\/revisions"}],"predecessor-version":[{"id":134,"href":"https:\/\/gdcp2023.uni-hamburg.de\/index.php?rest_route=\/wp\/v2\/pages\/65\/revisions\/134"}],"wp:attachment":[{"href":"https:\/\/gdcp2023.uni-hamburg.de\/index.php?rest_route=%2Fwp%2Fv2%2Fmedia&parent=65"}],"curies":[{"name":"wp","href":"https:\/\/api.w.org\/{rel}","templated":true}]}}